{"id":62,"date":"2023-05-04T16:08:01","date_gmt":"2023-05-04T14:08:01","guid":{"rendered":"http:\/\/ohlala-beach.fr\/?page_id=62"},"modified":"2024-10-28T18:01:07","modified_gmt":"2024-10-28T17:01:07","slug":"accueil","status":"publish","type":"page","link":"https:\/\/ohlala-beach.fr\/index.php\/accueil\/","title":{"rendered":"ACCUEIL"},"content":{"rendered":"\t\t<div data-elementor-type=\"wp-page\" data-elementor-id=\"62\" class=\"elementor elementor-62\" data-elementor-settings=\"[]\">\n\t\t\t\t\t\t\t<div class=\"elementor-section-wrap\">\n\t\t\t\t\t\t\t<section class=\"elementor-section elementor-top-section elementor-element elementor-element-d5c5d95 elementor-section-full_width elementor-section-height-default elementor-section-height-default\" data-id=\"d5c5d95\" data-element_type=\"section\">\n\t\t\t\t\t\t<div class=\"elementor-container elementor-column-gap-default\">\n\t\t\t\t\t<div class=\"elementor-column elementor-col-100 elementor-top-column elementor-element elementor-element-4681001\" data-id=\"4681001\" data-element_type=\"column\">\n\t\t\t<div class=\"elementor-widget-wrap elementor-element-populated\">\n\t\t\t\t\t\t\t\t<div class=\"elementor-element elementor-element-229428c elementor-widget elementor-widget-image\" data-id=\"229428c\" data-element_type=\"widget\" data-widget_type=\"image.default\">\n\t\t\t\t<div class=\"elementor-widget-container\">\n\t\t\t<style>\/*! elementor - v3.5.3 - 28-12-2021 *\/\n.elementor-widget-image{text-align:center}.elementor-widget-image a{display:inline-block}.elementor-widget-image a img[src$=\".svg\"]{width:48px}.elementor-widget-image img{vertical-align:middle;display:inline-block}<\/style>\t\t\t\t\t\t\t\t\t\t\t\t<img loading=\"lazy\" decoding=\"async\" width=\"1024\" height=\"683\" src=\"https:\/\/ohlala-beach.fr\/wp-content\/uploads\/2023\/10\/IMG_2295-1024x683.jpg\" class=\"attachment-large size-large\" alt=\"\" srcset=\"https:\/\/ohlala-beach.fr\/wp-content\/uploads\/2023\/10\/IMG_2295-1024x683.jpg 1024w, https:\/\/ohlala-beach.fr\/wp-content\/uploads\/2023\/10\/IMG_2295-300x200.jpg 300w, https:\/\/ohlala-beach.fr\/wp-content\/uploads\/2023\/10\/IMG_2295-768x512.jpg 768w, https:\/\/ohlala-beach.fr\/wp-content\/uploads\/2023\/10\/IMG_2295-1536x1024.jpg 1536w, https:\/\/ohlala-beach.fr\/wp-content\/uploads\/2023\/10\/IMG_2295-2048x1365.jpg 2048w\" sizes=\"auto, (max-width: 1024px) 100vw, 1024px\" \/>\t\t\t\t\t\t\t\t\t\t\t\t\t\t\t<\/div>\n\t\t\t\t<\/div>\n\t\t\t\t\t<\/div>\n\t\t<\/div>\n\t\t\t\t\t\t\t<\/div>\n\t\t<\/section>\n\t\t\t\t<section class=\"elementor-section elementor-top-section elementor-element elementor-element-b7d18af elementor-section-full_width elementor-section-height-default elementor-section-height-default\" data-id=\"b7d18af\" data-element_type=\"section\">\n\t\t\t\t\t\t<div class=\"elementor-container elementor-column-gap-default\">\n\t\t\t\t\t<div class=\"elementor-column elementor-col-50 elementor-top-column elementor-element elementor-element-c68ca8a\" data-id=\"c68ca8a\" data-element_type=\"column\">\n\t\t\t<div class=\"elementor-widget-wrap elementor-element-populated\">\n\t\t\t\t\t\t\t\t<div class=\"elementor-element elementor-element-5513f9c elementor-widget elementor-widget-heading\" data-id=\"5513f9c\" data-element_type=\"widget\" data-widget_type=\"heading.default\">\n\t\t\t\t<div class=\"elementor-widget-container\">\n\t\t\t<style>\/*! elementor - v3.5.3 - 28-12-2021 *\/\n.elementor-heading-title{padding:0;margin:0;line-height:1}.elementor-widget-heading .elementor-heading-title[class*=elementor-size-]>a{color:inherit;font-size:inherit;line-height:inherit}.elementor-widget-heading .elementor-heading-title.elementor-size-small{font-size:15px}.elementor-widget-heading .elementor-heading-title.elementor-size-medium{font-size:19px}.elementor-widget-heading .elementor-heading-title.elementor-size-large{font-size:29px}.elementor-widget-heading .elementor-heading-title.elementor-size-xl{font-size:39px}.elementor-widget-heading .elementor-heading-title.elementor-size-xxl{font-size:59px}<\/style><h1 class=\"elementor-heading-title elementor-size-default\">Oh La La Beach est un Club de plage, Base nautique, Restaurant et Bar cocktail musical<\/h1>\t\t<\/div>\n\t\t\t\t<\/div>\n\t\t\t\t<div class=\"elementor-element elementor-element-51cba49 elementor-widget elementor-widget-text-editor\" data-id=\"51cba49\" data-element_type=\"widget\" data-widget_type=\"text-editor.default\">\n\t\t\t\t<div class=\"elementor-widget-container\">\n\t\t\t<style>\/*! elementor - v3.5.3 - 28-12-2021 *\/\n.elementor-widget-text-editor.elementor-drop-cap-view-stacked .elementor-drop-cap{background-color:#818a91;color:#fff}.elementor-widget-text-editor.elementor-drop-cap-view-framed .elementor-drop-cap{color:#818a91;border:3px solid;background-color:transparent}.elementor-widget-text-editor:not(.elementor-drop-cap-view-default) .elementor-drop-cap{margin-top:8px}.elementor-widget-text-editor:not(.elementor-drop-cap-view-default) .elementor-drop-cap-letter{width:1em;height:1em}.elementor-widget-text-editor .elementor-drop-cap{float:left;text-align:center;line-height:1;font-size:50px}.elementor-widget-text-editor .elementor-drop-cap-letter{display:inline-block}<\/style>\t\t\t\t<p>D\u00e9tendez-vous avec une citronnade \u00e0 la menthe fra\u00eeche ou succombez \u00e0 la tentation d&rsquo;un cocktail maison sur notre plage de transats avec des matelas confortables bord\u00e9s de parasols.<\/p>\n<p>Notre priorit\u00e9 : vous offrir une atmosph\u00e8re confortable. D\u00e9sireux d\u2019offrir un espace chaleureux et convivial o\u00f9 il est bon d\u2019y \u00eatre.<\/p>\n<p>Que vous soyez en famille, entre amis ou pour le travail, nous vous invitons \u00e0 profiter d&rsquo;une balade en paddle et savourer des plats m\u00e9diterran\u00e9ens frais, simples et raffin\u00e9s midi et soir.<\/p>\n<p>Au soleil couchant, nous vous attendons pour d\u00e9guster un excellent cocktail accompagn\u00e9 d\u2019une ambiance musicale orchestr\u00e9e par une s\u00e9lection de DJ locaux.<\/p>\t\t\t\t\t\t<\/div>\n\t\t\t\t<\/div>\n\t\t\t\t\t<\/div>\n\t\t<\/div>\n\t\t\t\t<div class=\"elementor-column elementor-col-50 elementor-top-column elementor-element elementor-element-bfce3b0\" data-id=\"bfce3b0\" data-element_type=\"column\">\n\t\t\t<div class=\"elementor-widget-wrap elementor-element-populated\">\n\t\t\t\t\t\t\t\t<div class=\"elementor-element elementor-element-cf2550a elementor-widget elementor-widget-image\" data-id=\"cf2550a\" data-element_type=\"widget\" data-widget_type=\"image.default\">\n\t\t\t\t<div class=\"elementor-widget-container\">\n\t\t\t\t\t\t\t\t\t\t\t\t\t\t\t<img loading=\"lazy\" decoding=\"async\" width=\"754\" height=\"1024\" src=\"https:\/\/ohlala-beach.fr\/wp-content\/uploads\/2023\/11\/IMG_0651-copie-3-754x1024.jpg\" class=\"attachment-large size-large\" alt=\"\" srcset=\"https:\/\/ohlala-beach.fr\/wp-content\/uploads\/2023\/11\/IMG_0651-copie-3-754x1024.jpg 754w, https:\/\/ohlala-beach.fr\/wp-content\/uploads\/2023\/11\/IMG_0651-copie-3-221x300.jpg 221w, https:\/\/ohlala-beach.fr\/wp-content\/uploads\/2023\/11\/IMG_0651-copie-3-768x1043.jpg 768w, https:\/\/ohlala-beach.fr\/wp-content\/uploads\/2023\/11\/IMG_0651-copie-3-1132x1536.jpg 1132w, https:\/\/ohlala-beach.fr\/wp-content\/uploads\/2023\/11\/IMG_0651-copie-3-1509x2048.jpg 1509w, https:\/\/ohlala-beach.fr\/wp-content\/uploads\/2023\/11\/IMG_0651-copie-3-scaled.jpg 1886w\" sizes=\"auto, (max-width: 754px) 100vw, 754px\" \/>\t\t\t\t\t\t\t\t\t\t\t\t\t\t\t<\/div>\n\t\t\t\t<\/div>\n\t\t\t\t\t<\/div>\n\t\t<\/div>\n\t\t\t\t\t\t\t<\/div>\n\t\t<\/section>\n\t\t\t\t<section class=\"elementor-section elementor-top-section elementor-element elementor-element-15f4509 elementor-section-full_width elementor-section-height-default elementor-section-height-default\" data-id=\"15f4509\" data-element_type=\"section\">\n\t\t\t\t\t\t<div class=\"elementor-container elementor-column-gap-default\">\n\t\t\t\t\t<div class=\"elementor-column elementor-col-50 elementor-top-column elementor-element elementor-element-c22b32b\" data-id=\"c22b32b\" data-element_type=\"column\">\n\t\t\t<div class=\"elementor-widget-wrap elementor-element-populated\">\n\t\t\t\t\t\t\t\t<div class=\"elementor-element elementor-element-6addfc6 elementor-widget elementor-widget-image\" data-id=\"6addfc6\" data-element_type=\"widget\" data-widget_type=\"image.default\">\n\t\t\t\t<div class=\"elementor-widget-container\">\n\t\t\t\t\t\t\t\t\t\t\t\t\t\t\t<img loading=\"lazy\" decoding=\"async\" width=\"981\" height=\"1024\" src=\"https:\/\/ohlala-beach.fr\/wp-content\/uploads\/2023\/11\/IMG_5096_jpg-981x1024.jpg\" class=\"attachment-large size-large\" alt=\"\" srcset=\"https:\/\/ohlala-beach.fr\/wp-content\/uploads\/2023\/11\/IMG_5096_jpg-981x1024.jpg 981w, https:\/\/ohlala-beach.fr\/wp-content\/uploads\/2023\/11\/IMG_5096_jpg-287x300.jpg 287w, https:\/\/ohlala-beach.fr\/wp-content\/uploads\/2023\/11\/IMG_5096_jpg-768x802.jpg 768w, https:\/\/ohlala-beach.fr\/wp-content\/uploads\/2023\/11\/IMG_5096_jpg-1471x1536.jpg 1471w, https:\/\/ohlala-beach.fr\/wp-content\/uploads\/2023\/11\/IMG_5096_jpg-1961x2048.jpg 1961w\" sizes=\"auto, (max-width: 981px) 100vw, 981px\" \/>\t\t\t\t\t\t\t\t\t\t\t\t\t\t\t<\/div>\n\t\t\t\t<\/div>\n\t\t\t\t\t<\/div>\n\t\t<\/div>\n\t\t\t\t<div class=\"elementor-column elementor-col-50 elementor-top-column elementor-element elementor-element-2b4a687\" data-id=\"2b4a687\" data-element_type=\"column\">\n\t\t\t<div class=\"elementor-widget-wrap elementor-element-populated\">\n\t\t\t\t\t\t\t\t<div class=\"elementor-element elementor-element-509ef12 elementor-widget elementor-widget-image\" data-id=\"509ef12\" data-element_type=\"widget\" data-widget_type=\"image.default\">\n\t\t\t\t<div class=\"elementor-widget-container\">\n\t\t\t\t\t\t\t\t\t\t\t\t\t\t\t<img loading=\"lazy\" decoding=\"async\" width=\"1024\" height=\"681\" src=\"https:\/\/ohlala-beach.fr\/wp-content\/uploads\/2023\/11\/DSC_0069-1024x681.jpg\" class=\"attachment-large size-large\" alt=\"\" srcset=\"https:\/\/ohlala-beach.fr\/wp-content\/uploads\/2023\/11\/DSC_0069-1024x681.jpg 1024w, https:\/\/ohlala-beach.fr\/wp-content\/uploads\/2023\/11\/DSC_0069-300x199.jpg 300w, https:\/\/ohlala-beach.fr\/wp-content\/uploads\/2023\/11\/DSC_0069-768x511.jpg 768w, https:\/\/ohlala-beach.fr\/wp-content\/uploads\/2023\/11\/DSC_0069-1536x1021.jpg 1536w, https:\/\/ohlala-beach.fr\/wp-content\/uploads\/2023\/11\/DSC_0069-2048x1362.jpg 2048w\" sizes=\"auto, (max-width: 1024px) 100vw, 1024px\" \/>\t\t\t\t\t\t\t\t\t\t\t\t\t\t\t<\/div>\n\t\t\t\t<\/div>\n\t\t\t\t\t<\/div>\n\t\t<\/div>\n\t\t\t\t\t\t\t<\/div>\n\t\t<\/section>\n\t\t\t\t<section class=\"elementor-section elementor-top-section elementor-element elementor-element-515a962 elementor-section-full_width elementor-section-height-default elementor-section-height-default\" data-id=\"515a962\" data-element_type=\"section\">\n\t\t\t\t\t\t<div class=\"elementor-container elementor-column-gap-default\">\n\t\t\t\t\t<div class=\"elementor-column elementor-col-100 elementor-top-column elementor-element elementor-element-b2bb418\" data-id=\"b2bb418\" data-element_type=\"column\">\n\t\t\t<div class=\"elementor-widget-wrap elementor-element-populated\">\n\t\t\t\t\t\t\t\t<div class=\"elementor-element elementor-element-209a01f elementor-widget elementor-widget-heading\" data-id=\"209a01f\" data-element_type=\"widget\" data-widget_type=\"heading.default\">\n\t\t\t\t<div class=\"elementor-widget-container\">\n\t\t\t<h1 class=\"elementor-heading-title elementor-size-default\">\u00ab Chez nous, le client n\u2019est pas roi...<br>parce qu\u2019il est un ami \u00bb<\/h1>\t\t<\/div>\n\t\t\t\t<\/div>\n\t\t\t\t\t<\/div>\n\t\t<\/div>\n\t\t\t\t\t\t\t<\/div>\n\t\t<\/section>\n\t\t\t\t<section class=\"elementor-section elementor-top-section elementor-element elementor-element-cfd1ab1 elementor-section-full_width elementor-section-height-default elementor-section-height-default\" data-id=\"cfd1ab1\" data-element_type=\"section\">\n\t\t\t\t\t\t<div class=\"elementor-container elementor-column-gap-default\">\n\t\t\t\t\t<div class=\"elementor-column elementor-col-50 elementor-top-column elementor-element elementor-element-0814180\" data-id=\"0814180\" data-element_type=\"column\">\n\t\t\t<div class=\"elementor-widget-wrap elementor-element-populated\">\n\t\t\t\t\t\t\t\t<div class=\"elementor-element elementor-element-bdba446 elementor-widget elementor-widget-heading\" data-id=\"bdba446\" data-element_type=\"widget\" data-widget_type=\"heading.default\">\n\t\t\t\t<div class=\"elementor-widget-container\">\n\t\t\t<h2 class=\"elementor-heading-title elementor-size-default\">Oh La La Beach propose <br>une s\u00e9lection raffin\u00e9e de vins, champagnes <br>et cocktails innovants qui d\u00e9finissent l'\u00e9t\u00e9.<\/h2>\t\t<\/div>\n\t\t\t\t<\/div>\n\t\t\t\t\t<\/div>\n\t\t<\/div>\n\t\t\t\t<div class=\"elementor-column elementor-col-50 elementor-top-column elementor-element elementor-element-a9b204b\" data-id=\"a9b204b\" data-element_type=\"column\">\n\t\t\t<div class=\"elementor-widget-wrap elementor-element-populated\">\n\t\t\t\t\t\t\t\t<div class=\"elementor-element elementor-element-a4abad4 elementor-widget elementor-widget-image\" data-id=\"a4abad4\" data-element_type=\"widget\" data-widget_type=\"image.default\">\n\t\t\t\t<div class=\"elementor-widget-container\">\n\t\t\t\t\t\t\t\t\t\t\t\t\t\t\t<img loading=\"lazy\" decoding=\"async\" width=\"1024\" height=\"576\" src=\"https:\/\/ohlala-beach.fr\/wp-content\/uploads\/2023\/11\/accueil-1-1024x576.png\" class=\"attachment-large size-large\" alt=\"\" srcset=\"https:\/\/ohlala-beach.fr\/wp-content\/uploads\/2023\/11\/accueil-1-1024x576.png 1024w, https:\/\/ohlala-beach.fr\/wp-content\/uploads\/2023\/11\/accueil-1-300x169.png 300w, https:\/\/ohlala-beach.fr\/wp-content\/uploads\/2023\/11\/accueil-1-768x432.png 768w, https:\/\/ohlala-beach.fr\/wp-content\/uploads\/2023\/11\/accueil-1.png 1280w\" sizes=\"auto, (max-width: 1024px) 100vw, 1024px\" \/>\t\t\t\t\t\t\t\t\t\t\t\t\t\t\t<\/div>\n\t\t\t\t<\/div>\n\t\t\t\t\t<\/div>\n\t\t<\/div>\n\t\t\t\t\t\t\t<\/div>\n\t\t<\/section>\n\t\t\t\t<section class=\"elementor-section elementor-top-section elementor-element elementor-element-878f82a elementor-section-full_width elementor-section-height-min-height elementor-section-height-default elementor-section-items-middle\" data-id=\"878f82a\" data-element_type=\"section\" data-settings=\"{&quot;background_background&quot;:&quot;classic&quot;}\">\n\t\t\t\t\t\t<div class=\"elementor-container elementor-column-gap-default\">\n\t\t\t\t\t<div class=\"elementor-column elementor-col-100 elementor-top-column elementor-element elementor-element-2a1ab14\" data-id=\"2a1ab14\" data-element_type=\"column\">\n\t\t\t<div class=\"elementor-widget-wrap\">\n\t\t\t\t\t\t\t\t\t<\/div>\n\t\t<\/div>\n\t\t\t\t\t\t\t<\/div>\n\t\t<\/section>\n\t\t\t\t\t\t<\/div>\n\t\t\t\t\t<\/div>\n\t\t","protected":false},"excerpt":{"rendered":"<p>Oh La La Beach est un Club de plage, Base nautique, Restaurant et Bar cocktail musical D\u00e9tendez-vous avec une citronnade \u00e0 la menthe fra\u00eeche ou succombez \u00e0 la tentation d&rsquo;un cocktail maison sur notre plage de transats avec des matelas confortables bord\u00e9s de parasols. Notre priorit\u00e9 : vous offrir une atmosph\u00e8re confortable. D\u00e9sireux d\u2019offrir un &hellip;<\/p>\n<p class=\"read-more\"> <a class=\"\" href=\"https:\/\/ohlala-beach.fr\/index.php\/accueil\/\"> <span class=\"screen-reader-text\">ACCUEIL<\/span> Lire la suite\u00a0\u00bb<\/a><\/p>\n","protected":false},"author":1,"featured_media":0,"parent":0,"menu_order":2,"comment_status":"closed","ping_status":"closed","template":"","meta":{"site-sidebar-layout":"no-sidebar","site-content-layout":"page-builder","ast-site-content-layout":"full-width-container","site-content-style":"unboxed","site-sidebar-style":"unboxed","ast-global-header-display":"","ast-banner-title-visibility":"","ast-main-header-display":"","ast-hfb-above-header-display":"","ast-hfb-below-header-display":"","ast-hfb-mobile-header-display":"","site-post-title":"disabled","ast-breadcrumbs-content":"","ast-featured-img":"disabled","footer-sml-layout":"","theme-transparent-header-meta":"","adv-header-id-meta":"","stick-header-meta":"","header-above-stick-meta":"","header-main-stick-meta":"","header-below-stick-meta":"","astra-migrate-meta-layouts":"set","footnotes":""},"class_list":["post-62","page","type-page","status-publish","hentry"],"_links":{"self":[{"href":"https:\/\/ohlala-beach.fr\/index.php\/wp-json\/wp\/v2\/pages\/62","targetHints":{"allow":["GET"]}}],"collection":[{"href":"https:\/\/ohlala-beach.fr\/index.php\/wp-json\/wp\/v2\/pages"}],"about":[{"href":"https:\/\/ohlala-beach.fr\/index.php\/wp-json\/wp\/v2\/types\/page"}],"author":[{"embeddable":true,"href":"https:\/\/ohlala-beach.fr\/index.php\/wp-json\/wp\/v2\/users\/1"}],"replies":[{"embeddable":true,"href":"https:\/\/ohlala-beach.fr\/index.php\/wp-json\/wp\/v2\/comments?post=62"}],"version-history":[{"count":583,"href":"https:\/\/ohlala-beach.fr\/index.php\/wp-json\/wp\/v2\/pages\/62\/revisions"}],"predecessor-version":[{"id":2002,"href":"https:\/\/ohlala-beach.fr\/index.php\/wp-json\/wp\/v2\/pages\/62\/revisions\/2002"}],"wp:attachment":[{"href":"https:\/\/ohlala-beach.fr\/index.php\/wp-json\/wp\/v2\/media?parent=62"}],"curies":[{"name":"wp","href":"https:\/\/api.w.org\/{rel}","templated":true}]}}